{"id":475,"date":"2023-04-10T00:01:41","date_gmt":"2023-04-10T00:01:41","guid":{"rendered":"https:\/\/acertsa.com\/?page_id=475"},"modified":"2023-04-10T00:01:41","modified_gmt":"2023-04-10T00:01:41","slug":"inspeccion-de-ascensores-2","status":"publish","type":"page","link":"https:\/\/acertsa.com\/index.php\/inspeccion-de-ascensores-2\/","title":{"rendered":"Inspecci\u00f3n de Ascensores"},"content":{"rendered":"\n<p>Para solicitar cotizaci\u00f3n de inspecci\u00f3n de ascensores favor contactar a :<\/p>\n\n\n\n<p>Mar\u00eda Zurita &#8211; Coordinadora al tel\u00e9fono\/whatsapp +57\u00a0318\u00a03451792 y\/o al e-mail <a href=\"mailto:inspecciones@acertsa-com\">inspecciones@acertsa-com<\/a><\/p>\n\n\n\n<p>Sergio Matus &#8211; Director de inspecciones al tel\u00e9fono\/whatsapp +57\u00a0310\u00a02623901 y\/o al e-mail <a href=\"mailto:directorinspecciones@acertsa.com\">directorinspecciones@acertsa.com<\/a><\/p>\n","protected":false},"excerpt":{"rendered":"<p>Para solicitar cotizaci\u00f3n de inspecci\u00f3n de ascensores favor contactar a : Mar\u00eda Zurita &#8211; Coordinadora al tel\u00e9fono\/whatsapp +57\u00a0318\u00a03451792 y\/o al e-mail inspecciones@acertsa-com Sergio Matus &#8211; Director de inspecciones al tel\u00e9fono\/whatsapp +57\u00a0310\u00a02623901 y\/o al e-mail directorinspecciones@acertsa.com<\/p>\n","protected":false},"author":1,"featured_media":0,"parent":0,"menu_order":0,"comment_status":"closed","ping_status":"closed","template":"","meta":{"two_page_speed":[],"footnotes":""},"class_list":["post-475","page","type-page","status-publish","hentry"],"_links":{"self":[{"href":"https:\/\/acertsa.com\/index.php\/wp-json\/wp\/v2\/pages\/475"}],"collection":[{"href":"https:\/\/acertsa.com\/index.php\/wp-json\/wp\/v2\/pages"}],"about":[{"href":"https:\/\/acertsa.com\/index.php\/wp-json\/wp\/v2\/types\/page"}],"author":[{"embeddable":true,"href":"https:\/\/acertsa.com\/index.php\/wp-json\/wp\/v2\/users\/1"}],"replies":[{"embeddable":true,"href":"https:\/\/acertsa.com\/index.php\/wp-json\/wp\/v2\/comments?post=475"}],"version-history":[{"count":1,"href":"https:\/\/acertsa.com\/index.php\/wp-json\/wp\/v2\/pages\/475\/revisions"}],"predecessor-version":[{"id":476,"href":"https:\/\/acertsa.com\/index.php\/wp-json\/wp\/v2\/pages\/475\/revisions\/476"}],"wp:attachment":[{"href":"https:\/\/acertsa.com\/index.php\/wp-json\/wp\/v2\/media?parent=475"}],"curies":[{"name":"wp","href":"https:\/\/api.w.org\/{rel}","templated":true}]}}