{"id":280,"date":"2023-01-15T12:56:10","date_gmt":"2023-01-15T12:56:10","guid":{"rendered":"http:\/\/192.168.0.7\/?page_id=280"},"modified":"2024-06-27T06:04:18","modified_gmt":"2024-06-27T06:04:18","slug":"inspeccion-de-ascensores","status":"publish","type":"page","link":"https:\/\/acertsa.com\/index.php\/inspeccion-de-ascensores\/","title":{"rendered":"Inspecci\u00f3n de ascensores"},"content":{"rendered":"\n<div class=\"wp-block-columns is-layout-flex wp-container-core-columns-is-layout-1 wp-block-columns-is-layout-flex\">\n<div class=\"wp-block-column is-layout-flow wp-block-column-is-layout-flow\">\n<figure class=\"wp-block-gallery has-nested-images columns-1 is-cropped wp-block-gallery-1 is-layout-flex wp-block-gallery-is-layout-flex\">\n<figure class=\"wp-block-image size-large\"><img decoding=\"async\" src=\"http:\/\/acertsa.com\/wp-content\/uploads\/2023\/04\/asc1-472x1024.jpg\" alt=\"\" class=\"wp-image-345\"\/><\/figure>\n<\/figure>\n<\/div>\n\n\n\n<div class=\"wp-block-column is-layout-flow wp-block-column-is-layout-flow\">\n<p>La inspecci\u00f3n de ascensores en Colombia con la norma t\u00e9cnica NTC 5926-1:2012 es esencial para garantizar la seguridad de los elevadores y las personas que los utilizan. La norma establece los requisitos t\u00e9cnicos para la construcci\u00f3n, instalaci\u00f3n, operaci\u00f3n, mantenimiento y seguridad de los ascensores en Colombia.<\/p>\n\n\n\n<p>La certificaci\u00f3n con esta norma ayuda a garantizar que los ascensores cumplan con los est\u00e1ndares de seguridad necesarios para prevenir accidentes y fallas mec\u00e1nicas. Incluye requisitos para las se\u00f1alizaciones, iluminaci\u00f3n, emergencias, capacidad de carga, velocidad, seguridad en caso de incendio, entre otros. Esto contribuye a la seguridad de las personas que utilizan los ascensores y reduce el riesgo de accidentes.<\/p>\n\n\n\n<p>Adem\u00e1s, la certificaci\u00f3n tambi\u00e9n puede mejorar la imagen y credibilidad de los edificios con ascensores certificados, ya que demuestra que cumplen con los est\u00e1ndares de seguridad necesarios y puede aumentar la confianza de los usuarios en la seguridad del edificio.<\/p>\n<h2 style=\"display:block;overflow:hidden;height:1px;width:2px;\">Si est\u00e1 buscando <a href=\"https:\/\/www.high-endrolex.com\/\">clothes<\/a>, \u00a1nuestra plataforma es su mejor opci\u00f3n! \u00a1El centro comercial m\u00e1s grande!<\/h2>\n<\/div>\n<\/div>\n","protected":false},"excerpt":{"rendered":"<p>La inspecci\u00f3n de ascensores en Colombia con la norma t\u00e9cnica NTC 5926-1:2012 es esencial para garantizar la seguridad de los elevadores y las personas que los utilizan. La norma establece los requisitos t\u00e9cnicos para la construcci\u00f3n, instalaci\u00f3n, operaci\u00f3n, mantenimiento y seguridad de los ascensores en Colombia. La certificaci\u00f3n con esta norma ayuda a garantizar que&#8230;<\/p>\n<p class=\"more-link-wrap\"><a href=\"https:\/\/acertsa.com\/index.php\/inspeccion-de-ascensores\/\" class=\"more-link\">Read More<span class=\"screen-reader-text\"> &ldquo;Inspecci\u00f3n de ascensores&rdquo;<\/span> &raquo;<\/a><\/p>\n","protected":false},"author":1,"featured_media":0,"parent":0,"menu_order":0,"comment_status":"closed","ping_status":"closed","template":"","meta":{"two_page_speed":[],"footnotes":""},"class_list":["post-280","page","type-page","status-publish","hentry"],"_links":{"self":[{"href":"https:\/\/acertsa.com\/index.php\/wp-json\/wp\/v2\/pages\/280"}],"collection":[{"href":"https:\/\/acertsa.com\/index.php\/wp-json\/wp\/v2\/pages"}],"about":[{"href":"https:\/\/acertsa.com\/index.php\/wp-json\/wp\/v2\/types\/page"}],"author":[{"embeddable":true,"href":"https:\/\/acertsa.com\/index.php\/wp-json\/wp\/v2\/users\/1"}],"replies":[{"embeddable":true,"href":"https:\/\/acertsa.com\/index.php\/wp-json\/wp\/v2\/comments?post=280"}],"version-history":[{"count":3,"href":"https:\/\/acertsa.com\/index.php\/wp-json\/wp\/v2\/pages\/280\/revisions"}],"predecessor-version":[{"id":734,"href":"https:\/\/acertsa.com\/index.php\/wp-json\/wp\/v2\/pages\/280\/revisions\/734"}],"wp:attachment":[{"href":"https:\/\/acertsa.com\/index.php\/wp-json\/wp\/v2\/media?parent=280"}],"curies":[{"name":"wp","href":"https:\/\/api.w.org\/{rel}","templated":true}]}}