{"id":277,"date":"2023-01-15T12:55:46","date_gmt":"2023-01-15T12:55:46","guid":{"rendered":"http:\/\/192.168.0.7\/?page_id=277"},"modified":"2023-04-09T22:29:39","modified_gmt":"2023-04-09T22:29:39","slug":"certificacion-con-sello-bioseguridad","status":"publish","type":"page","link":"https:\/\/acertsa.com\/index.php\/certificacion-con-sello-bioseguridad\/","title":{"rendered":"Sello bioseguridad"},"content":{"rendered":"\n<h2 class=\"wp-block-heading has-text-align-center\"><strong>Certificaci\u00f3n con sello bioseguridad<\/strong><\/h2>\n\n\n\n<div class=\"wp-block-columns is-layout-flex wp-container-core-columns-is-layout-1 wp-block-columns-is-layout-flex\">\n<div class=\"wp-block-column is-layout-flow wp-block-column-is-layout-flow\" style=\"flex-basis:25%\">\n<figure class=\"wp-block-image size-full\"><img loading=\"lazy\" decoding=\"async\" width=\"212\" height=\"237\" src=\"http:\/\/acertsa.com\/wp-content\/uploads\/2023\/04\/checkin.png\" alt=\"\" class=\"wp-image-421\"\/><\/figure>\n<\/div>\n\n\n\n<div class=\"wp-block-column is-layout-flow wp-block-column-is-layout-flow\" style=\"flex-basis:50%\">\n<p>La certificaci\u00f3n con los protocolos de bioseguridad establecidos en la Resoluci\u00f3n 692 de 2022 del Ministerio de Salud de Colombia es esencial para garantizar la seguridad y bienestar de los turistas y trabajadores en el sector tur\u00edstico. Estos protocolos establecen las medidas de prevenci\u00f3n y control para minimizar el riesgo de propagaci\u00f3n de enfermedades en los establecimientos tur\u00edsticos, como hoteles, restaurantes y transporte tur\u00edstico, y proporcionan un marco para garantizar la seguridad de las personas en el sector tur\u00edstico.<\/p>\n\n\n\n<p>La certificaci\u00f3n con estos protocolos de bioseguridad ayuda a garantizar que los establecimientos tur\u00edsticos cumplan con las medidas de seguridad necesarias para prevenir la propagaci\u00f3n de enfermedades, como la instalaci\u00f3n de dispensadores de gel desinfectante, la limpieza y desinfecci\u00f3n regular de las instalaciones y el distanciamiento social.<\/p>\n\n\n\n<p>Adem\u00e1s, la certificaci\u00f3n tambi\u00e9n puede mejorar la imagen y credibilidad de los establecimientos tur\u00edsticos certificados, lo que puede atraer a m\u00e1s turistas que buscan un ambiente seguro y saludable para sus vacaciones. Tambi\u00e9n puede contribuir a una mayor confianza de los trabajadores y turistas en la seguridad del establecimiento y en el sector tur\u00edstico en general.<\/p>\n<\/div>\n\n\n\n<div class=\"wp-block-column is-layout-flow wp-block-column-is-layout-flow\" style=\"flex-basis:25%\">\n<figure class=\"wp-block-image size-full is-resized\"><img loading=\"lazy\" decoding=\"async\" src=\"http:\/\/acertsa.com\/wp-content\/uploads\/2023\/04\/empresa-biosegura.jpg\" alt=\"\" class=\"wp-image-423\" width=\"239\" height=\"212\"\/><\/figure>\n<\/div>\n<\/div>\n","protected":false},"excerpt":{"rendered":"<p>Certificaci\u00f3n con sello bioseguridad La certificaci\u00f3n con los protocolos de bioseguridad establecidos en la Resoluci\u00f3n 692 de 2022 del Ministerio de Salud de Colombia es esencial para garantizar la seguridad y bienestar de los turistas y trabajadores en el sector tur\u00edstico. Estos protocolos establecen las medidas de prevenci\u00f3n y control para minimizar el riesgo de&#8230;<\/p>\n<p class=\"more-link-wrap\"><a href=\"https:\/\/acertsa.com\/index.php\/certificacion-con-sello-bioseguridad\/\" class=\"more-link\">Read More<span class=\"screen-reader-text\"> &ldquo;Sello bioseguridad&rdquo;<\/span> &raquo;<\/a><\/p>\n","protected":false},"author":1,"featured_media":0,"parent":0,"menu_order":0,"comment_status":"closed","ping_status":"closed","template":"","meta":{"two_page_speed":[],"footnotes":""},"class_list":["post-277","page","type-page","status-publish","hentry"],"_links":{"self":[{"href":"https:\/\/acertsa.com\/index.php\/wp-json\/wp\/v2\/pages\/277"}],"collection":[{"href":"https:\/\/acertsa.com\/index.php\/wp-json\/wp\/v2\/pages"}],"about":[{"href":"https:\/\/acertsa.com\/index.php\/wp-json\/wp\/v2\/types\/page"}],"author":[{"embeddable":true,"href":"https:\/\/acertsa.com\/index.php\/wp-json\/wp\/v2\/users\/1"}],"replies":[{"embeddable":true,"href":"https:\/\/acertsa.com\/index.php\/wp-json\/wp\/v2\/comments?post=277"}],"version-history":[{"count":6,"href":"https:\/\/acertsa.com\/index.php\/wp-json\/wp\/v2\/pages\/277\/revisions"}],"predecessor-version":[{"id":464,"href":"https:\/\/acertsa.com\/index.php\/wp-json\/wp\/v2\/pages\/277\/revisions\/464"}],"wp:attachment":[{"href":"https:\/\/acertsa.com\/index.php\/wp-json\/wp\/v2\/media?parent=277"}],"curies":[{"name":"wp","href":"https:\/\/api.w.org\/{rel}","templated":true}]}}