{"id":191,"date":"2023-01-15T00:23:46","date_gmt":"2023-01-15T00:23:46","guid":{"rendered":"http:\/\/192.168.0.7\/?page_id=191"},"modified":"2024-12-04T17:06:17","modified_gmt":"2024-12-04T17:06:17","slug":"queja-o-apelacion","status":"publish","type":"page","link":"https:\/\/acertsa.com\/index.php\/queja-o-apelacion\/","title":{"rendered":"Queja o Apelaci\u00f3n"},"content":{"rendered":"\n<p><strong><a href=\"https:\/\/acertsa.com\/index.php\/apelaciones\/\" data-type=\"page\" data-id=\"812\">Certificaci\u00f3n de Productos: Aqu\u00ed el formulario para Apelaci\u00f3n<\/a><\/strong><\/p>\n\n\n\n<p><a href=\"http:\/\/acertsa.com\/wp-content\/uploads\/2024\/12\/SGC-05-PROCEDIMIENTO-PARA-QUEJAS-y-APELACIONES.pdf\" target=\"_blank\" rel=\"noreferrer noopener\">Certificaci\u00f3n de Productos: Procedimiento de Apelaciones y Quejas<\/a><\/p>\n\n\n\n<p><a rel=\"noreferrer noopener\" href=\"https:\/\/form.jotform.com\/240423580807656\" target=\"_blank\"><strong>Inspecciones : Diligencie este formulario en l\u00ednea<\/strong><\/a><\/p>\n\n\n\n<p><a href=\"http:\/\/acertsa.com\/wp-content\/uploads\/2024\/02\/IGC-8-PROCEDIMIENTO-PARA-QUEJAS-Y-APELACIONES.pdf\">Inspecci\u00f3n : Procedimiento de Apelaciones y Quejas<\/a><\/p>\n","protected":false},"excerpt":{"rendered":"<p>Certificaci\u00f3n de Productos: Aqu\u00ed el formulario para Apelaci\u00f3n Certificaci\u00f3n de Productos: Procedimiento de Apelaciones y Quejas Inspecciones : Diligencie este formulario en l\u00ednea Inspecci\u00f3n : Procedimiento de Apelaciones y Quejas<\/p>\n","protected":false},"author":1,"featured_media":0,"parent":0,"menu_order":0,"comment_status":"closed","ping_status":"closed","template":"","meta":{"two_page_speed":[],"footnotes":""},"class_list":["post-191","page","type-page","status-publish","hentry"],"_links":{"self":[{"href":"https:\/\/acertsa.com\/index.php\/wp-json\/wp\/v2\/pages\/191"}],"collection":[{"href":"https:\/\/acertsa.com\/index.php\/wp-json\/wp\/v2\/pages"}],"about":[{"href":"https:\/\/acertsa.com\/index.php\/wp-json\/wp\/v2\/types\/page"}],"author":[{"embeddable":true,"href":"https:\/\/acertsa.com\/index.php\/wp-json\/wp\/v2\/users\/1"}],"replies":[{"embeddable":true,"href":"https:\/\/acertsa.com\/index.php\/wp-json\/wp\/v2\/comments?post=191"}],"version-history":[{"count":7,"href":"https:\/\/acertsa.com\/index.php\/wp-json\/wp\/v2\/pages\/191\/revisions"}],"predecessor-version":[{"id":816,"href":"https:\/\/acertsa.com\/index.php\/wp-json\/wp\/v2\/pages\/191\/revisions\/816"}],"wp:attachment":[{"href":"https:\/\/acertsa.com\/index.php\/wp-json\/wp\/v2\/media?parent=191"}],"curies":[{"name":"wp","href":"https:\/\/api.w.org\/{rel}","templated":true}]}}