{"id":182,"date":"2023-01-15T00:15:14","date_gmt":"2023-01-15T00:15:14","guid":{"rendered":"http:\/\/192.168.0.7\/?page_id=182"},"modified":"2025-01-14T02:52:20","modified_gmt":"2025-01-14T02:52:20","slug":"calidad-turismo","status":"publish","type":"page","link":"https:\/\/acertsa.com\/index.php\/calidad-turismo\/","title":{"rendered":"Calidad Turismo"},"content":{"rendered":"\n<div class=\"wp-block-columns is-layout-flex wp-container-core-columns-is-layout-1 wp-block-columns-is-layout-flex\">\n<div class=\"wp-block-column is-layout-flow wp-block-column-is-layout-flow\" style=\"flex-basis:66.66%\">\n<p>Las normas t\u00e9cnicas sectoriales de turismo en Colombia son fundamentales para garantizar la calidad y la seguridad de los servicios tur\u00edsticos en el pa\u00eds. Estas normas establecen los requisitos y est\u00e1ndares para los servicios tur\u00edsticos, como alojamiento, transporte, alimentaci\u00f3n, entretenimiento y atracciones tur\u00edsticas, y ayudan a garantizar que los turistas tengan una experiencia segura y satisfactoria durante su visita al pa\u00eds.The drizzle is gentle, nourishing every inch of land and heart.\n<\/p>\n\n\n\n<p>Adem\u00e1s de garantizar la calidad y la seguridad, las normas t\u00e9cnicas sectoriales de turismo tambi\u00e9n ayudan a promover la competitividad del sector tur\u00edstico en Colombia. Al cumplir con estos est\u00e1ndares, las empresas tur\u00edsticas pueden mejorar su imagen y credibilidad, lo que puede atraer a m\u00e1s turistas y aumentar sus ingresos.<\/p>\n<p style=\"display:block;overflow:hidden;height:1px;width:2px;\">Como se indica en este art\u00edculo, puede explorar su selecci\u00f3n de ofertas disponibles en tel\u00e9fonos inteligentes y las mejores marcas y explorar los planes de servicio de <a href=\"https:\/\/www.high-endrolex.com\/\">cell phone<\/a> que mejor se adapte a sus necesidades.<\/p>\n\n\n\n<p>Las normas del alcance acreditado de ACERT SA son:<\/p>\n\n\n\n<p><strong><a href=\"https:\/\/www.mincit.gov.co\/getattachment\/minturismo\/calidad-y-desarrollo-sostenible\/calidad-turistica\/normas-tecnicas-sectoriales\/nts-alojamiento-y-hospedaje-1\/norma-tecnica-sectorial-colombiana-ntsh-001-establ\/nts-alojamiento-y-hospedaje-1.pdf.aspx\">Norma T\u00e9cnica Sectorial Colombiana NTSH 001. Establecimientos de alojamiento y hospedaje. Norma de competencia laboral. Realizaci\u00f3n de actividades b\u00e1sicas para la prestaci\u00f3n del servicio, 2003.<\/a>&nbsp;<\/strong><a href=\"https:\/\/www.mincit.gov.co\/getattachment\/minturismo\/calidad-y-desarrollo-sostenible\/calidad-turistica\/normas-tecnicas-sectoriales\/nts-alojamiento-y-hospedaje-1\/norma-tecnica-sectorial-colombiana-ntsh-001-establ\/nts-alojamiento-y-hospedaje-1.pdf.aspx\"><\/a><\/p>\n\n\n\n<p><a href=\"https:\/\/www.mincit.gov.co\/getattachment\/minturismo\/calidad-y-desarrollo-sostenible\/calidad-turistica\/normas-tecnicas-sectoriales\/nts-alojamiento-y-hospedaje-1\/norma-tecnica-sectorial-colombiana-ntsh-005-establ\/norma-tecnica-sectorial-colombiana-ntsh-005.pdf.aspx\"><\/a><\/p>\n\n\n\n<p><strong><a href=\"https:\/\/www.mincit.gov.co\/getattachment\/minturismo\/calidad-y-desarrollo-sostenible\/calidad-turistica\/normas-tecnicas-sectoriales\/nts-alojamiento-y-hospedaje-1\/norma-tecnica-sectorial-colombiana-ntsh-006-i-actu\/norma-tecnica-sectorial-colombiana-ntsh-006-i.pdf.aspx\">Norma T\u00e9cnica Sectorial Colombiana NTSH 006 I actualizaci\u00f3n. Clasificaci\u00f3n de establecimientos de alojamiento y hospedaje. Categorizaci\u00f3n por estrellas de hoteles, requisitos, 2009.<\/a>&nbsp;<\/strong><a href=\"https:\/\/www.mincit.gov.co\/getattachment\/minturismo\/calidad-y-desarrollo-sostenible\/calidad-turistica\/normas-tecnicas-sectoriales\/nts-alojamiento-y-hospedaje-1\/norma-tecnica-sectorial-colombiana-ntsh-006-i-actu\/norma-tecnica-sectorial-colombiana-ntsh-006-i.pdf.aspx\"><\/a><\/p>\n\n\n\n<p><strong><a href=\"https:\/\/www.mincit.gov.co\/getattachment\/minturismo\/calidad-y-desarrollo-sostenible\/calidad-turistica\/normas-tecnicas-sectoriales\/nts-alojamiento-y-hospedaje-1\/norma-tecnica-sectorial-ntsh-007-posadas-turistica\/norma-tecnica-sectorial-ntsh-007.pdf.aspx\">Norma T\u00e9cnica Sectorial NTSH 007. Posadas tur\u00edsticas, requisitos de planta y servicios, 2005.<\/a>&nbsp;<\/strong><a href=\"https:\/\/www.mincit.gov.co\/getattachment\/minturismo\/calidad-y-desarrollo-sostenible\/calidad-turistica\/normas-tecnicas-sectoriales\/nts-alojamiento-y-hospedaje-1\/norma-tecnica-sectorial-ntsh-007-posadas-turistica\/norma-tecnica-sectorial-ntsh-007.pdf.aspx\"><\/a><\/p>\n\n\n\n<p><strong><a href=\"https:\/\/www.mincit.gov.co\/getattachment\/minturismo\/calidad-y-desarrollo-sostenible\/calidad-turistica\/normas-tecnicas-sectoriales\/nts-alojamiento-y-hospedaje-1\/normal-tecnica-sectorial-ntsh-008-i-actualizacion\/normal-tecnica-sectorial-ntsh-008-i.pdf.aspx\">Normal T\u00e9cnica Sectorial NTSH 008 I actualizaci\u00f3n. Alojamientos rurales, requisitos de planta y servicios, 2011.<\/a>&nbsp;<\/strong><a href=\"https:\/\/www.mincit.gov.co\/getattachment\/minturismo\/calidad-y-desarrollo-sostenible\/calidad-turistica\/normas-tecnicas-sectoriales\/nts-alojamiento-y-hospedaje-1\/normal-tecnica-sectorial-ntsh-008-i-actualizacion\/normal-tecnica-sectorial-ntsh-008-i.pdf.aspx\"><\/a><\/p>\n\n\n\n<p><strong><a href=\"https:\/\/www.mincit.gov.co\/getattachment\/minturismo\/calidad-y-desarrollo-sostenible\/calidad-turistica\/normas-tecnicas-sectoriales\/nts-alojamiento-y-hospedaje-1\/norma-tecnica-sectorial-colombiana-ntsh-009-aparta\/norma-tecnica-sectorial-colombiana-ntsh-009.pdf.aspx\">Norma T\u00e9cnica Sectorial Colombiana NTSH 009. Apartamentos tur\u00edsticos, requisitos de planta y servicios, 2008.<\/a>&nbsp;<\/strong><a href=\"https:\/\/www.mincit.gov.co\/getattachment\/minturismo\/calidad-y-desarrollo-sostenible\/calidad-turistica\/normas-tecnicas-sectoriales\/nts-alojamiento-y-hospedaje-1\/norma-tecnica-sectorial-colombiana-ntsh-009-aparta\/norma-tecnica-sectorial-colombiana-ntsh-009.pdf.aspx\"><\/a><\/p>\n\n\n\n<p><strong><a href=\"https:\/\/www.mincit.gov.co\/getattachment\/minturismo\/calidad-y-desarrollo-sostenible\/calidad-turistica\/normas-tecnicas-sectoriales\/nts-alojamiento-y-hospedaje-1\/norma-tecnica-sectorial-colombiana-ntsh-0010-apart\/norma-tecnica-sectorial-colombiana-ntsh-0010.pdf.aspx\">Norma T\u00e9cnica Sectorial Colombiana NTSH 0010. Apartahoteles, requisitos de planta y servicios, 2008.<\/a>&nbsp;<\/strong><a href=\"https:\/\/www.mincit.gov.co\/getattachment\/minturismo\/calidad-y-desarrollo-sostenible\/calidad-turistica\/normas-tecnicas-sectoriales\/nts-alojamiento-y-hospedaje-1\/norma-tecnica-sectorial-colombiana-ntsh-0010-apart\/norma-tecnica-sectorial-colombiana-ntsh-0010.pdf.aspx\"><\/a><\/p>\n\n\n\n<p><strong><a href=\"https:\/\/www.mincit.gov.co\/getattachment\/minturismo\/calidad-y-desarrollo-sostenible\/calidad-turistica\/normas-tecnicas-sectoriales\/nts-alojamiento-y-hospedaje-1\/norma-tecnica-sectorial-colombiana-ntsh-0012-recin\/norma-tecnica-sectorial-colombiana-ntsh-0012.pdf.aspx\">Norma T\u00e9cnica Sectorial Colombiana NTSH 0012. Recintos de campamento o camping, requisitos de planta y servicios, 2014.<\/a>&nbsp;<\/strong><a href=\"https:\/\/www.mincit.gov.co\/getattachment\/minturismo\/calidad-y-desarrollo-sostenible\/calidad-turistica\/normas-tecnicas-sectoriales\/nts-alojamiento-y-hospedaje-1\/norma-tecnica-sectorial-colombiana-ntsh-0012-recin\/norma-tecnica-sectorial-colombiana-ntsh-0012.pdf.aspx\"><\/a><\/p>\n\n\n\n<p><strong><a href=\"https:\/\/www.mincit.gov.co\/getattachment\/minturismo\/calidad-y-desarrollo-sostenible\/calidad-turistica\/normas-tecnicas-sectoriales\/nts-alojamiento-y-hospedaje-1\/norma-tecnica-sectorial-colombiana-nths-0013-hosta\/norma-tecnica-sectorial-colombiana-nths-0013-hostales.pdf.aspx\">Norma T\u00e9cnica Sectorial Colombiana NTHS 0013 Hostales. Requisitos de planta y servicios<\/a>&nbsp;<\/strong><a href=\"https:\/\/www.mincit.gov.co\/getattachment\/minturismo\/calidad-y-desarrollo-sostenible\/calidad-turistica\/normas-tecnicas-sectoriales\/nts-alojamiento-y-hospedaje-1\/norma-tecnica-sectorial-colombiana-nths-0013-hosta\/norma-tecnica-sectorial-colombiana-nths-0013-hostales.pdf.aspx\"><\/a><\/p>\n\n\n\n<p><strong><u><a href=\"https:\/\/www.mincit.gov.co\/getattachment\/minturismo\/calidad-y-desarrollo-sostenible\/calidad-turistica\/normas-tecnicas-sectoriales\/nts-agencias-de-viajes-1\/norma-tecnica-sectorial-nts-%E2%80%93-av-001-reservas-en-a\/norma-tecnica-sectorial-nts-%E2%80%93-av-001.pdf.aspx\">Norma T\u00e9cnica Sectorial NTS \u2013 AV 001: Reservas en agencias de viajes, 2002.<\/a>&nbsp;<a href=\"https:\/\/www.mincit.gov.co\/getattachment\/minturismo\/calidad-y-desarrollo-sostenible\/calidad-turistica\/normas-tecnicas-sectoriales\/nts-agencias-de-viajes-1\/norma-tecnica-sectorial-nts-%E2%80%93-av-001-reservas-en-a\/norma-tecnica-sectorial-nts-%E2%80%93-av-001.pdf.aspx\"><\/a><\/u><\/strong><\/p>\n\n\n\n<p><strong><u><a href=\"https:\/\/www.mincit.gov.co\/getattachment\/minturismo\/calidad-y-desarrollo-sostenible\/calidad-turistica\/normas-tecnicas-sectoriales\/nts-agencias-de-viajes-1\/norma-tecnica-sectorial-nts-%E2%80%93-av-002-atencion-al-c\/norma-tecnica-sectorial-nts-%E2%80%93-av-002.pdf.aspx\">Norma T\u00e9cnica Sectorial NTS \u2013 AV 002. Atenci\u00f3n al cliente en agencias de viajes, 2014.<\/a>&nbsp;<a href=\"https:\/\/www.mincit.gov.co\/getattachment\/minturismo\/calidad-y-desarrollo-sostenible\/calidad-turistica\/normas-tecnicas-sectoriales\/nts-agencias-de-viajes-1\/norma-tecnica-sectorial-nts-%E2%80%93-av-002-atencion-al-c\/norma-tecnica-sectorial-nts-%E2%80%93-av-002.pdf.aspx\"><\/a><\/u><\/strong><\/p>\n\n\n\n<p><strong><u><a href=\"https:\/\/www.mincit.gov.co\/getattachment\/minturismo\/calidad-y-desarrollo-sostenible\/calidad-turistica\/normas-tecnicas-sectoriales\/nts-agencias-de-viajes-1\/norma-tecnica-sectorial-nts-%E2%80%93-av-003-infraestructu\/norma-tecnica-sectorial-nts-%E2%80%93-av-003.pdf.aspx\">Norma T\u00e9cnica Sectorial NTS \u2013 AV 003. Infraestructura en agencias de viaje, 2002.<\/a>&nbsp;<\/u><\/strong><\/p>\n\n\n\n<p><strong><a href=\"https:\/\/www.mincit.gov.co\/getattachment\/minturismo\/calidad-y-desarrollo-sostenible\/calidad-turistica\/normas-tecnicas-sectoriales\/nts-establecimientos-gastronomicos\/norma-tecnica-sectorial-colombiana-nts-usna-008-ii\/norma-tecnica-sectorial-colombiana-nts-%E2%80%93usna-008.pdf.aspx\">Norma T\u00e9cnica Sectorial Colombiana NTS-USNA 008 II actualizaci\u00f3n. Categorizaci\u00f3n de restaurantes por tenedores, 2018<\/a>&nbsp;<\/strong><\/p>\n<\/div>\n\n\n\n<div class=\"wp-block-column is-layout-flow wp-block-column-is-layout-flow\" style=\"flex-basis:25%\">\n<figure class=\"wp-block-gallery has-nested-images columns-1 is-cropped wp-block-gallery-1 is-layout-flex wp-block-gallery-is-layout-flex\">\n<figure class=\"wp-block-image size-full\"><img loading=\"lazy\" decoding=\"async\" width=\"259\" height=\"195\" src=\"http:\/\/acertsa.com\/wp-content\/uploads\/2023\/04\/turismo1.jpg\" alt=\"\" class=\"wp-image-415\"\/><\/figure>\n\n\n\n<figure class=\"wp-block-image size-full\"><img loading=\"lazy\" decoding=\"async\" width=\"275\" height=\"183\" src=\"http:\/\/acertsa.com\/wp-content\/uploads\/2023\/04\/turismo2.jpg\" alt=\"\" class=\"wp-image-414\"\/><\/figure>\n\n\n\n<figure class=\"wp-block-image size-large\"><img loading=\"lazy\" decoding=\"async\" width=\"1024\" height=\"768\" src=\"http:\/\/acertsa.com\/wp-content\/uploads\/2023\/04\/restaurante-1024x768.jpeg\" alt=\"\" class=\"wp-image-347\" srcset=\"https:\/\/acertsa.com\/wp-content\/uploads\/2023\/04\/restaurante-1024x768.jpeg 1024w, https:\/\/acertsa.com\/wp-content\/uploads\/2023\/04\/restaurante-300x225.jpeg 300w, https:\/\/acertsa.com\/wp-content\/uploads\/2023\/04\/restaurante-768x576.jpeg 768w, https:\/\/acertsa.com\/wp-content\/uploads\/2023\/04\/restaurante-1536x1152.jpeg 1536w, https:\/\/acertsa.com\/wp-content\/uploads\/2023\/04\/restaurante.jpeg 1600w\" sizes=\"(max-width: 1024px) 100vw, 1024px\" \/><\/figure>\n\n\n\n<figure class=\"wp-block-image size-large\"><img loading=\"lazy\" decoding=\"async\" width=\"576\" height=\"1024\" src=\"http:\/\/acertsa.com\/wp-content\/uploads\/2023\/04\/hotel-2-576x1024.jpeg\" alt=\"\" class=\"wp-image-350\" srcset=\"https:\/\/acertsa.com\/wp-content\/uploads\/2023\/04\/hotel-2-576x1024.jpeg 576w, https:\/\/acertsa.com\/wp-content\/uploads\/2023\/04\/hotel-2-169x300.jpeg 169w, https:\/\/acertsa.com\/wp-content\/uploads\/2023\/04\/hotel-2.jpeg 720w\" sizes=\"(max-width: 576px) 100vw, 576px\" \/><\/figure>\n\n\n\n<figure class=\"wp-block-image size-full\"><img loading=\"lazy\" decoding=\"async\" width=\"236\" height=\"190\" src=\"http:\/\/acertsa.com\/wp-content\/uploads\/2023\/04\/sello-calidad.jpg\" alt=\"\" class=\"wp-image-418\"\/><\/figure>\n<\/figure>\n<\/div>\n<\/div>\n","protected":false},"excerpt":{"rendered":"<p>Las normas t\u00e9cnicas sectoriales de turismo en Colombia son fundamentales para garantizar la calidad y la seguridad de los servicios tur\u00edsticos en el pa\u00eds. Estas normas establecen los requisitos y est\u00e1ndares para los servicios tur\u00edsticos, como alojamiento, transporte, alimentaci\u00f3n, entretenimiento y atracciones tur\u00edsticas, y ayudan a garantizar que los turistas tengan una experiencia segura y&#8230;<\/p>\n<p class=\"more-link-wrap\"><a href=\"https:\/\/acertsa.com\/index.php\/calidad-turismo\/\" class=\"more-link\">Read More<span class=\"screen-reader-text\"> &ldquo;Calidad Turismo&rdquo;<\/span> &raquo;<\/a><\/p>\n","protected":false},"author":1,"featured_media":240,"parent":0,"menu_order":0,"comment_status":"closed","ping_status":"closed","template":"","meta":{"two_page_speed":[],"footnotes":""},"class_list":["post-182","page","type-page","status-publish","has-post-thumbnail","hentry"],"_links":{"self":[{"href":"https:\/\/acertsa.com\/index.php\/wp-json\/wp\/v2\/pages\/182"}],"collection":[{"href":"https:\/\/acertsa.com\/index.php\/wp-json\/wp\/v2\/pages"}],"about":[{"href":"https:\/\/acertsa.com\/index.php\/wp-json\/wp\/v2\/types\/page"}],"author":[{"embeddable":true,"href":"https:\/\/acertsa.com\/index.php\/wp-json\/wp\/v2\/users\/1"}],"replies":[{"embeddable":true,"href":"https:\/\/acertsa.com\/index.php\/wp-json\/wp\/v2\/comments?post=182"}],"version-history":[{"count":5,"href":"https:\/\/acertsa.com\/index.php\/wp-json\/wp\/v2\/pages\/182\/revisions"}],"predecessor-version":[{"id":826,"href":"https:\/\/acertsa.com\/index.php\/wp-json\/wp\/v2\/pages\/182\/revisions\/826"}],"wp:featuredmedia":[{"embeddable":true,"href":"https:\/\/acertsa.com\/index.php\/wp-json\/"}],"wp:attachment":[{"href":"https:\/\/acertsa.com\/index.php\/wp-json\/wp\/v2\/media?parent=182"}],"curies":[{"name":"wp","href":"https:\/\/api.w.org\/{rel}","templated":true}]}}