{"id":167,"date":"2023-01-15T00:12:55","date_gmt":"2023-01-15T00:12:55","guid":{"rendered":"http:\/\/192.168.0.7\/?page_id=167"},"modified":"2025-03-19T18:11:51","modified_gmt":"2025-03-19T18:11:51","slug":"certificacion-turismo-de-aventura","status":"publish","type":"page","link":"https:\/\/acertsa.com\/index.php\/certificacion-turismo-de-aventura\/","title":{"rendered":"Certificaci\u00f3n Turismo de Aventura"},"content":{"rendered":"\n<p><\/p>\n\n\n\n<div class=\"wp-block-columns is-layout-flex wp-container-core-columns-is-layout-1 wp-block-columns-is-layout-flex\">\n<div class=\"wp-block-column is-layout-flow wp-block-column-is-layout-flow\" style=\"flex-basis:33.33%\">\n<figure class=\"wp-block-gallery has-nested-images columns-default is-cropped wp-block-gallery-1 is-layout-flex wp-block-gallery-is-layout-flex\">\n<figure class=\"wp-block-image alignfull size-large\"><img loading=\"lazy\" decoding=\"async\" width=\"768\" height=\"1024\" src=\"https:\/\/acertsa.com\/wp-content\/uploads\/2023\/04\/rafting-1-768x1024.jpeg\" alt=\"\" class=\"wp-image-372\" srcset=\"https:\/\/acertsa.com\/wp-content\/uploads\/2023\/04\/rafting-1-768x1024.jpeg 768w, https:\/\/acertsa.com\/wp-content\/uploads\/2023\/04\/rafting-1-225x300.jpeg 225w, https:\/\/acertsa.com\/wp-content\/uploads\/2023\/04\/rafting-1.jpeg 864w\" sizes=\"(max-width: 768px) 100vw, 768px\" \/><\/figure>\n\n\n\n<figure class=\"wp-block-image alignfull size-large\"><img loading=\"lazy\" decoding=\"async\" width=\"768\" height=\"1024\" src=\"https:\/\/acertsa.com\/wp-content\/uploads\/2023\/04\/rafting-2-768x1024.jpeg\" alt=\"\" class=\"wp-image-371\" srcset=\"https:\/\/acertsa.com\/wp-content\/uploads\/2023\/04\/rafting-2-768x1024.jpeg 768w, https:\/\/acertsa.com\/wp-content\/uploads\/2023\/04\/rafting-2-225x300.jpeg 225w, https:\/\/acertsa.com\/wp-content\/uploads\/2023\/04\/rafting-2.jpeg 864w\" sizes=\"(max-width: 768px) 100vw, 768px\" \/><\/figure>\n\n\n\n<figure class=\"wp-block-image alignfull size-large\"><img loading=\"lazy\" decoding=\"async\" width=\"576\" height=\"1024\" src=\"https:\/\/acertsa.com\/wp-content\/uploads\/2023\/04\/cuerdas-8-576x1024.jpg\" alt=\"\" class=\"wp-image-366\" srcset=\"https:\/\/acertsa.com\/wp-content\/uploads\/2023\/04\/cuerdas-8-576x1024.jpg 576w, https:\/\/acertsa.com\/wp-content\/uploads\/2023\/04\/cuerdas-8-scaled-169x300.jpg 169w, https:\/\/acertsa.com\/wp-content\/uploads\/2023\/04\/cuerdas-8-768x1365.jpg 768w, https:\/\/acertsa.com\/wp-content\/uploads\/2023\/04\/cuerdas-8-864x1536.jpg 864w, https:\/\/acertsa.com\/wp-content\/uploads\/2023\/04\/cuerdas-8-1152x2048.jpg 1152w, https:\/\/acertsa.com\/wp-content\/uploads\/2023\/04\/cuerdas-8-scaled.jpg 1440w\" sizes=\"(max-width: 576px) 100vw, 576px\" \/><\/figure>\n\n\n\n<figure class=\"wp-block-image size-large\"><img loading=\"lazy\" decoding=\"async\" width=\"720\" height=\"960\" src=\"https:\/\/acertsa.com\/wp-content\/uploads\/2023\/04\/anclaje-5.jpg\" alt=\"\" class=\"wp-image-368\" srcset=\"https:\/\/acertsa.com\/wp-content\/uploads\/2023\/04\/anclaje-5.jpg 720w, https:\/\/acertsa.com\/wp-content\/uploads\/2023\/04\/anclaje-5-225x300.jpg 225w\" sizes=\"(max-width: 720px) 100vw, 720px\" \/><\/figure>\n\n\n\n<figure class=\"wp-block-image size-large\"><img loading=\"lazy\" decoding=\"async\" width=\"576\" height=\"1024\" src=\"https:\/\/acertsa.com\/wp-content\/uploads\/2023\/04\/canalgata-1-576x1024.jpg\" alt=\"\" class=\"wp-image-367\" srcset=\"https:\/\/acertsa.com\/wp-content\/uploads\/2023\/04\/canalgata-1-576x1024.jpg 576w, https:\/\/acertsa.com\/wp-content\/uploads\/2023\/04\/canalgata-1-169x300.jpg 169w, https:\/\/acertsa.com\/wp-content\/uploads\/2023\/04\/canalgata-1.jpg 720w\" sizes=\"(max-width: 576px) 100vw, 576px\" \/><\/figure>\n<\/figure>\n<\/div>\n\n\n\n<div class=\"wp-block-column is-layout-flow wp-block-column-is-layout-flow\" style=\"flex-basis:66.66%\">\n<h2 class=\"wp-block-heading\"><strong>Certificaci\u00f3n obligatoria en Turismo de Aventura<\/strong><\/h2>\n\n\n\n<p>ACERT S.A. ofrece la certificaci\u00f3n obligatoria en seguridad para operadores de turismo de aventura, conforme a la Resoluci\u00f3n 0612 de 2024 del Ministerio de Comercio, Industria y Turismo. Esta resoluci\u00f3n establece que todas las actividades tur\u00edsticas de aventura deben certificarse bajo est\u00e1ndares espec\u00edficos para garantizar la seguridad y protecci\u00f3n integral de turistas y operadores.<\/p>\n\n\n\n<h3 class=\"wp-block-heading\">Normas t\u00e9cnicas aplicables<\/h3>\n\n\n\n<p><\/p>\n\n\n\n<ul class=\"wp-block-list\">\n<li><a href=\"https:\/\/www.mincit.gov.co\/getattachment\/minturismo\/calidad-y-desarrollo-sostenible\/calidad-turistica\/normas-tecnicas-colombianas-y-guias\/ntc-iso-21101-2020-turismo-de-aventura-sistemas-de\/ntc-iso-21101-2020-turismo-de-aventura-sistemas-de-gestion-de-seguridad-requisitos.pdf.aspx\" data-type=\"link\" data-id=\"https:\/\/www.mincit.gov.co\/getattachment\/minturismo\/calidad-y-desarrollo-sostenible\/calidad-turistica\/normas-tecnicas-colombianas-y-guias\/ntc-iso-21101-2020-turismo-de-aventura-sistemas-de\/ntc-iso-21101-2020-turismo-de-aventura-sistemas-de-gestion-de-seguridad-requisitos.pdf.aspx\" target=\"_blank\" rel=\"noreferrer noopener\"><strong>ISO 21101:<\/strong> Norma internacional para sistemas de gesti\u00f3n de seguridad en turismo de aventura<\/a>.<\/li>\n\n\n\n<li>Normas de servicios espec\u00edficos:<\/li>\n<\/ul>\n\n\n\n<p><a href=\"https:\/\/www.mincit.gov.co\/getattachment\/minturismo\/calidad-y-desarrollo-sostenible\/calidad-turistica\/normas-tecnicas-sectoriales\/nts-agencias-de-viajes-1\/norma-tecnica-sectorial-nts-av-010-requisitos-para\/norma-tecnica-sectorial-nts-av-010-requusitos-para-la-operacion-de-act.pdf.aspx\" target=\"_blank\" rel=\"noreferrer noopener\">NTS AV 010 de 2007 \u2013 Requisitos de la operaci\u00f3n del Rafting<\/a><br><a href=\"https:\/\/www.mincit.gov.co\/getattachment\/minturismo\/calidad-y-desarrollo-sostenible\/calidad-turistica\/normas-tecnicas-sectoriales\/nts-agencias-de-viajes-1\/norma-tecnica-sectorial-nts-%E2%80%93-av-011-requisitos-pa\/norma-tecnica-sectorial-nts-%E2%80%93-av-011.pdf.aspx\" target=\"_blank\" rel=\"noreferrer noopener\">NTS AV 011 de 2007 \u2013 Requisitos de la operaci\u00f3n del Rapel<\/a><br><a href=\"https:\/\/www.mincit.gov.co\/getattachment\/minturismo\/calidad-y-desarrollo-sostenible\/calidad-turistica\/normas-tecnicas-sectoriales\/nts-agencias-de-viajes-1\/norma-tecnica-sectorial-nts-%E2%80%93-av-012-requisitos-pa\/norma-tecnica-sectorial-nts-%E2%80%93-av-012.pdf.aspx\" target=\"_blank\" rel=\"noreferrer noopener\">NTS AV 012 de 2008 \u2013 Requisitos de la operaci\u00f3n de la Espeleolog\u00eda Recreativa<\/a><br><a href=\"https:\/\/www.mincit.gov.co\/getattachment\/minturismo\/calidad-y-desarrollo-sostenible\/calidad-turistica\/normas-tecnicas-sectoriales\/nts-agencias-de-viajes-1\/norma-tecnica-sectorial-nts-av013-requisitos-para\/norma-tecnica-sectorial-nts-av013.pdf.aspx\" target=\"_blank\" rel=\"noreferrer noopener\">NTS AV 013 de 2010 \u2013 Requisitos de la operaci\u00f3n del Parapente<\/a><br><a href=\"https:\/\/www.mincit.gov.co\/getattachment\/minturismo\/calidad-y-desarrollo-sostenible\/calidad-turistica\/normas-tecnicas-sectoriales\/nts-agencias-de-viajes-1\/norma-tecnica-sectorial-nts-av013-requisitos-para\/norma-tecnica-sectorial-nts-av013.pdf.aspx\" target=\"_blank\" rel=\"noreferrer noopener\">NTS AV 014 de 2015 \u2013 Requisitos de la operaci\u00f3n de Cabalgatas<\/a><br><a href=\"https:\/\/www.mincit.gov.co\/getattachment\/minturismo\/calidad-y-desarrollo-sostenible\/calidad-turistica\/normas-tecnicas-sectoriales\/nts-agencias-de-viajes-1\/norma-tenica-sectorial-nts-av-015-requisitos-para\/norma-tenica-sectorial-nts-av-015.pdf.aspx\" target=\"_blank\" rel=\"noreferrer noopener\">NTS AV 015 de 2015 &#8211; Requisitos de la operaci\u00f3n del Canyoning<\/a><\/p>\n\n\n\n<h3 class=\"wp-block-heading\">Beneficios de certificar con ACERT S.A.<\/h3>\n\n\n\n<ul class=\"wp-block-list\">\n<li>Cumplimiento obligatorio seg\u00fan la legislaci\u00f3n colombiana.<\/li>\n\n\n\n<li>Incremento en la confianza y seguridad de tus clientes.<\/li>\n\n\n\n<li>Competitividad y acceso a mercados nacionales e internacionales.<\/li>\n<\/ul>\n\n\n\n<h3 class=\"wp-block-heading\">Servicios de certificaci\u00f3n espec\u00edficos<\/h3>\n\n\n\n<ul class=\"wp-block-list\">\n<li>Certificaci\u00f3n integral bajo la ISO 21101.<\/li>\n\n\n\n<li>Evaluaci\u00f3n y certificaci\u00f3n espec\u00edfica para actividades como rafting, rapel, espeleolog\u00eda, parapente, canyoning, cabalgata, entre otras.<\/li>\n<\/ul>\n\n\n\n<p><\/p>\n\n\n\n<p>Por otro lado, los turistas tambi\u00e9n se benefician de la certificaci\u00f3n con estas normas t\u00e9cnicas sectoriales de turismo de aventura. Al elegir una empresa certificada, pueden estar seguros de que est\u00e1n eligiendo un servicio de calidad y seguridad, lo que les permite disfrutar de su aventura sin preocupaciones. Tambi\u00e9n contribuye a fomentar la conservaci\u00f3n y protecci\u00f3n del medio ambiente.<\/p>\n\n\n\n<p>En resumen, la implementaci\u00f3n de las normas t\u00e9cnicas sectoriales de turismo de aventura en Colombia es esencial para garantizar la seguridad y calidad de los servicios tur\u00edsticos de aventura, y la certificaci\u00f3n con estas buenas pr\u00e1cticas ofrece una serie de beneficios tanto para las empresas del sector como para los turistas. Es fundamental para el desarrollo sostenible y responsable del turismo en el pa\u00eds.<\/p>\n<\/div>\n<\/div>\n","protected":false},"excerpt":{"rendered":"<p>Certificaci\u00f3n obligatoria en Turismo de Aventura ACERT S.A. ofrece la certificaci\u00f3n obligatoria en seguridad para operadores de turismo de aventura, conforme a la Resoluci\u00f3n 0612 de 2024 del Ministerio de Comercio, Industria y Turismo. Esta resoluci\u00f3n establece que todas las actividades tur\u00edsticas de aventura deben certificarse bajo est\u00e1ndares espec\u00edficos para garantizar la seguridad y protecci\u00f3n&#8230;<\/p>\n<p class=\"more-link-wrap\"><a href=\"https:\/\/acertsa.com\/index.php\/certificacion-turismo-de-aventura\/\" class=\"more-link\">Read More<span class=\"screen-reader-text\"> &ldquo;Certificaci\u00f3n Turismo de Aventura&rdquo;<\/span> &raquo;<\/a><\/p>\n","protected":false},"author":1,"featured_media":0,"parent":0,"menu_order":0,"comment_status":"closed","ping_status":"closed","template":"","meta":{"two_page_speed":[],"footnotes":""},"class_list":["post-167","page","type-page","status-publish","hentry"],"_links":{"self":[{"href":"https:\/\/acertsa.com\/index.php\/wp-json\/wp\/v2\/pages\/167"}],"collection":[{"href":"https:\/\/acertsa.com\/index.php\/wp-json\/wp\/v2\/pages"}],"about":[{"href":"https:\/\/acertsa.com\/index.php\/wp-json\/wp\/v2\/types\/page"}],"author":[{"embeddable":true,"href":"https:\/\/acertsa.com\/index.php\/wp-json\/wp\/v2\/users\/1"}],"replies":[{"embeddable":true,"href":"https:\/\/acertsa.com\/index.php\/wp-json\/wp\/v2\/comments?post=167"}],"version-history":[{"count":3,"href":"https:\/\/acertsa.com\/index.php\/wp-json\/wp\/v2\/pages\/167\/revisions"}],"predecessor-version":[{"id":849,"href":"https:\/\/acertsa.com\/index.php\/wp-json\/wp\/v2\/pages\/167\/revisions\/849"}],"wp:attachment":[{"href":"https:\/\/acertsa.com\/index.php\/wp-json\/wp\/v2\/media?parent=167"}],"curies":[{"name":"wp","href":"https:\/\/api.w.org\/{rel}","templated":true}]}}