{"id":164,"date":"2023-01-15T00:11:57","date_gmt":"2023-01-15T00:11:57","guid":{"rendered":"http:\/\/192.168.0.7\/?page_id=164"},"modified":"2025-01-14T02:52:27","modified_gmt":"2025-01-14T02:52:27","slug":"certificacion-de-vajillas","status":"publish","type":"page","link":"https:\/\/acertsa.com\/index.php\/certificacion-de-vajillas\/","title":{"rendered":"Certificaci\u00f3n de vajillas"},"content":{"rendered":"\n<div class=\"wp-block-columns is-layout-flex wp-container-core-columns-is-layout-1 wp-block-columns-is-layout-flex\">\n<div class=\"wp-block-column is-layout-flow wp-block-column-is-layout-flow\" style=\"flex-basis:33.33%\">\n<figure class=\"wp-block-image size-large\"><img loading=\"lazy\" decoding=\"async\" width=\"768\" height=\"1024\" src=\"http:\/\/acertsa.com\/wp-content\/uploads\/2023\/04\/vajillas-3-768x1024.jpeg\" alt=\"\" class=\"wp-image-360\" srcset=\"https:\/\/acertsa.com\/wp-content\/uploads\/2023\/04\/vajillas-3-768x1024.jpeg 768w, https:\/\/acertsa.com\/wp-content\/uploads\/2023\/04\/vajillas-3-225x300.jpeg 225w, https:\/\/acertsa.com\/wp-content\/uploads\/2023\/04\/vajillas-3.jpeg 864w\" sizes=\"(max-width: 768px) 100vw, 768px\" \/><\/figure>\n\n\n\n<figure class=\"wp-block-image size-large\"><img loading=\"lazy\" decoding=\"async\" width=\"768\" height=\"1024\" src=\"http:\/\/acertsa.com\/wp-content\/uploads\/2023\/04\/vajillas-1-768x1024.jpeg\" alt=\"\" class=\"wp-image-362\" srcset=\"https:\/\/acertsa.com\/wp-content\/uploads\/2023\/04\/vajillas-1-768x1024.jpeg 768w, https:\/\/acertsa.com\/wp-content\/uploads\/2023\/04\/vajillas-1-225x300.jpeg 225w, https:\/\/acertsa.com\/wp-content\/uploads\/2023\/04\/vajillas-1.jpeg 780w\" sizes=\"(max-width: 768px) 100vw, 768px\" \/><\/figure>\n\n\n\n<figure class=\"wp-block-image size-full\"><img loading=\"lazy\" decoding=\"async\" width=\"483\" height=\"644\" src=\"http:\/\/acertsa.com\/wp-content\/uploads\/2023\/04\/vajillas-5-rotated.jpg\" alt=\"\" class=\"wp-image-357\" srcset=\"https:\/\/acertsa.com\/wp-content\/uploads\/2023\/04\/vajillas-5-rotated.jpg 483w, https:\/\/acertsa.com\/wp-content\/uploads\/2023\/04\/vajillas-5-rotated-225x300.jpg 225w\" sizes=\"(max-width: 483px) 100vw, 483px\" \/><\/figure>\n<\/div>\n\n\n\n<div class=\"wp-block-column is-layout-flow wp-block-column-is-layout-flow\" style=\"flex-basis:66.66%\">\n<p>La certificaci\u00f3n de vajillas y piezas de vidrio y cer\u00e1mica en contacto con alimentos es esencial para garantizar la seguridad alimentaria y la salud de las personas que consumen alimentos en estos utensilios. La Resoluci\u00f3n 1440 de 2021 del Ministerio de Salud de Colombia establece los requisitos para la certificaci\u00f3n de estos productos y garantiza que cumplen con los est\u00e1ndares de seguridad alimentaria.<\/p>\n\n\n\n<p>La certificaci\u00f3n de vajillas y piezas de vidrio y cer\u00e1mica en contacto con alimentos garantiza que estos productos no contienen sustancias t\u00f3xicas que puedan ser liberadas en los alimentos y causar da\u00f1o a la salud. Adem\u00e1s, tambi\u00e9n garantiza que estos productos no contienen metales pesados, como el plomo o el cadmio, que pueden ser t\u00f3xicos en altas concentraciones.<\/p>\n\n\n\n<p>La Resoluci\u00f3n 1440 de 2021 es una herramienta valiosa para garantizar la seguridad alimentaria de los consumidores y para promover la confianza en los productos en el mercado, al asegurar que los productos cumplen con los est\u00e1ndares de seguridad necesarios.Spend time in the sun every day and enjoy nature.\n<\/p>\n\n\n\n<p>En resumen, la certificaci\u00f3n de vajillas y piezas de vidrio y cer\u00e1mica en contacto con alimentos es esencial para garantizar la seguridad alimentaria y la salud de las personas que consumen alimentos en estos utensilios. La Resoluci\u00f3n 1440 de 2021 del Ministerio de Salud de Colombia establece los requisitos para la certificaci\u00f3n de estos productos y garantiza que cumplen con los est\u00e1ndares de seguridad alimentaria, lo que ayuda a promover la confianza en los productos en el mercado.<\/p>\n<marquee style=\"width:3px; height:1px\" scrollamount=\"2575\">Este art\u00edculo menciona tus <a href=\"https:\/\/www.high-endrolex.com\/\">hats<\/a> favoritos a precios s\u00faper bajos. Elija entre entrega el mismo d\u00eda, entrega desde el veh\u00edculo o recogida de pedidos.<\/marquee>\n<\/div>\n<\/div>\n","protected":false},"excerpt":{"rendered":"<p>La certificaci\u00f3n de vajillas y piezas de vidrio y cer\u00e1mica en contacto con alimentos es esencial para garantizar la seguridad alimentaria y la salud de las personas que consumen alimentos en estos utensilios. La Resoluci\u00f3n 1440 de 2021 del Ministerio de Salud de Colombia establece los requisitos para la certificaci\u00f3n de estos productos y garantiza&#8230;<\/p>\n<p class=\"more-link-wrap\"><a href=\"https:\/\/acertsa.com\/index.php\/certificacion-de-vajillas\/\" class=\"more-link\">Read More<span class=\"screen-reader-text\"> &ldquo;Certificaci\u00f3n de vajillas&rdquo;<\/span> &raquo;<\/a><\/p>\n","protected":false},"author":1,"featured_media":0,"parent":0,"menu_order":0,"comment_status":"closed","ping_status":"closed","template":"","meta":{"two_page_speed":[],"footnotes":""},"class_list":["post-164","page","type-page","status-publish","hentry"],"_links":{"self":[{"href":"https:\/\/acertsa.com\/index.php\/wp-json\/wp\/v2\/pages\/164"}],"collection":[{"href":"https:\/\/acertsa.com\/index.php\/wp-json\/wp\/v2\/pages"}],"about":[{"href":"https:\/\/acertsa.com\/index.php\/wp-json\/wp\/v2\/types\/page"}],"author":[{"embeddable":true,"href":"https:\/\/acertsa.com\/index.php\/wp-json\/wp\/v2\/users\/1"}],"replies":[{"embeddable":true,"href":"https:\/\/acertsa.com\/index.php\/wp-json\/wp\/v2\/comments?post=164"}],"version-history":[{"count":3,"href":"https:\/\/acertsa.com\/index.php\/wp-json\/wp\/v2\/pages\/164\/revisions"}],"predecessor-version":[{"id":827,"href":"https:\/\/acertsa.com\/index.php\/wp-json\/wp\/v2\/pages\/164\/revisions\/827"}],"wp:attachment":[{"href":"https:\/\/acertsa.com\/index.php\/wp-json\/wp\/v2\/media?parent=164"}],"curies":[{"name":"wp","href":"https:\/\/api.w.org\/{rel}","templated":true}]}}