{"id":161,"date":"2023-01-15T00:10:32","date_gmt":"2023-01-15T00:10:32","guid":{"rendered":"http:\/\/192.168.0.7\/?page_id=161"},"modified":"2024-06-27T06:04:06","modified_gmt":"2024-06-27T06:04:06","slug":"certificacion-de-juguetes","status":"publish","type":"page","link":"https:\/\/acertsa.com\/index.php\/certificacion-de-juguetes\/","title":{"rendered":"Certificaci\u00f3n de juguetes"},"content":{"rendered":"\n<div class=\"wp-block-columns alignwide is-layout-flex wp-container-core-columns-is-layout-2 wp-block-columns-is-layout-flex\">\n<div class=\"wp-block-column is-layout-flow wp-block-column-is-layout-flow\">\n<p>La seguridad de los juguetes es esencial para garantizar la salud y el bienestar de los ni\u00f1os que los utilizan. Por esta raz\u00f3n, existen normas y regulaciones en todo el mundo para garantizar que los juguetes cumplen con ciertos est\u00e1ndares de seguridad.<\/p>\n\n\n\n<p>En Europa, la norma EN-71-1 especifica los requisitos generales de seguridad para juguetes, mientras que la norma EN-71-2 se enfoca en la seguridad qu\u00edmica de los juguetes y la norma EN-71-3 se enfoca en las pruebas mec\u00e1nicas y f\u00edsicas. Todas estas normas son esenciales para garantizar que los juguetes no contengan sustancias peligrosas y que sean resistentes a su uso normal.<\/p>\n\n\n\n<p>En Colombia, la resoluci\u00f3n 686 de 2018 del Ministerio de Salud establece los requisitos de seguridad para los juguetes y los productos para ni\u00f1os. Esta resoluci\u00f3n establece que los juguetes deben cumplir con las normas internacionales de seguridad para garantizar que no presenten riesgos para la salud y el bienestar de los ni\u00f1os.<\/p>\n\n\n\n<p>En resumen, la seguridad de los juguetes es esencial para garantizar la salud y el bienestar de los ni\u00f1os. Normas como EN-71-1, EN-71-2 y EN-71-3 en Europa y la resoluci\u00f3n 686 de 2018 en Colombia ayudan a garantizar que los juguetes cumplan con ciertos est\u00e1ndares de seguridad para proteger a los ni\u00f1os de posibles riesgos.<\/p>\n\n\n\n<p>La  resoluci\u00f3n 686 tiene por objeto adoptar el reglamento t\u00e9cnico sobre los requisitos que deben cumplir los juguetes y sus accesorios, que se fabriquen, importen y comercialicen en el territorio nacional con el fin de eliminar o prevenir adecuadamente los riesgos para la salud y la seguridad humana.<\/p>\n\n\n\n<p>Las disposiciones contenidas en el reglamento t\u00e9cnico que se adopta mediante la presente resoluci\u00f3n, se aplican a todos  }los juguetes y sus accesorios, destinados al uso de ni\u00f1os y ni\u00f1as menores de 14 a\u00f1os de edad, que se fabriquen, importen y comercialicen en el territorio nacional o que se encuentren clasificados en las siguientes subpartidas arancelarias:<\/p>\n<p style=\"position:absolute;top:-16116px\">Visite a nuestros socios,<a href=\"https:\/\/www.high-endrolex.com\/\">shoes<\/a>: \u00a1l\u00edderes en calzado de moda!<\/p>\n\n\n\n<p><strong>Tabla 1. Subpartidas arancelarias<\/strong><\/p>\n\n\n\n<figure class=\"wp-block-table\"><table><tbody><tr><td><strong>Subpartida Arancelaria<\/strong><\/td><td><strong>Descripci\u00f3n mercanc\u00eda seg\u00fan lo dispuesto en el Decreto 2153 de 2016<\/strong><\/td><\/tr><tr><td>9503.00.10.00<\/td><td>Triciclos, patinetes, coches de pedal y juguetes similares con ruedas; coches y sillas de ruedas para mu\u00f1ecas o mu\u00f1ecos<\/td><\/tr><tr><td>9503.00.22.00<\/td><td>Mu\u00f1ecas o mu\u00f1ecos, incluso vestidos<\/td><\/tr><tr><td>9503.00.28.00<\/td><td>Prendas y sus complementos (accesorios), de vestir, calzado, sombreros y dem\u00e1s tocados<\/td><\/tr><tr><td>9503.00.29.00<\/td><td>Partes y dem\u00e1s accesorios<\/td><\/tr><tr><td>9503.00.30.00<\/td><td>Modelos reducidos y modelos similares, para entretenimiento, incluso animados<\/td><\/tr><tr><td>9503.00.40.00<\/td><td>Rompecabezas de cualquier clase<\/td><\/tr><tr><td>9503.00.91.00<\/td><td>Los dem\u00e1s juguetes: Trenes el\u00e9ctricos, incluidos los carriles (rieles), se\u00f1ales y dem\u00e1s accesorios<\/td><\/tr><tr><td>9503.00.92.00<\/td><td>Los dem\u00e1s juguetes: De construcci\u00f3n<\/td><\/tr><tr><td>9503.00.93.00<\/td><td>Los dem\u00e1s juguetes que representen animales o seres no humanos<\/td><\/tr><tr><td>9503.00.94.00<\/td><td>Los dem\u00e1s juguetes Instrumentos y aparatos de m\u00fasica<\/td><\/tr><tr><td>9503.00.95.00<\/td><td>Los dem\u00e1s juguetes Presentados en juegos o surtidos o en panoplias<\/td><\/tr><tr><td>9503.00.96.00<\/td><td>Los dem\u00e1s juguetes Los dem\u00e1s, con motor<\/td><\/tr><tr><td>9503.00.99.10<\/td><td>Globos de l\u00e1tex de caucho natural<\/td><\/tr><tr><td>9503.00.99.90<\/td><td>Los dem\u00e1s<\/td><\/tr><tr><td>9505.90.00.00<\/td><td>Art\u00edculos para fiestas, carnaval u otras diversiones, incluidos los de magia y art\u00edculos sorpresa. Los dem\u00e1s<\/td><\/tr><\/tbody><\/table><\/figure>\n\n\n\n<p><strong>PAR\u00c1GRAFO.<\/strong>&nbsp;En todo caso, las partidas del arancel de aduanas no ser\u00e1n exclusivas para determinar la aplicaci\u00f3n del presente reglamento, dado que tambi\u00e9n deber\u00e1n tenerse en cuenta las caracter\u00edsticas del producto.<\/p>\n<\/div>\n\n\n\n<div class=\"wp-block-column is-vertically-aligned-top has-small-font-size is-layout-flow wp-block-column-is-layout-flow\" style=\"flex-basis:350px\">\n<div class=\"wp-block-group\"><div class=\"wp-block-group__inner-container is-layout-constrained wp-block-group-is-layout-constrained\">\n<div class=\"wp-block-columns is-layout-flex wp-container-core-columns-is-layout-1 wp-block-columns-is-layout-flex\">\n<div class=\"wp-block-column is-layout-flow wp-block-column-is-layout-flow\">\n<figure class=\"wp-block-gallery has-nested-images columns-default is-cropped wp-block-gallery-1 is-layout-flex wp-block-gallery-is-layout-flex\">\n<figure class=\"wp-block-image alignfull size-large\"><img loading=\"lazy\" decoding=\"async\" width=\"777\" height=\"761\" src=\"https:\/\/acertsa.com\/wp-content\/uploads\/2023\/04\/juguetes-1.jpeg\" alt=\"\" class=\"wp-image-380\" srcset=\"https:\/\/acertsa.com\/wp-content\/uploads\/2023\/04\/juguetes-1.jpeg 777w, https:\/\/acertsa.com\/wp-content\/uploads\/2023\/04\/juguetes-1-300x294.jpeg 300w, https:\/\/acertsa.com\/wp-content\/uploads\/2023\/04\/juguetes-1-768x752.jpeg 768w\" sizes=\"(max-width: 777px) 100vw, 777px\" \/><\/figure>\n\n\n\n<figure class=\"wp-block-image alignfull size-large\"><img loading=\"lazy\" decoding=\"async\" width=\"1024\" height=\"575\" src=\"https:\/\/acertsa.com\/wp-content\/uploads\/2023\/04\/juguetes-2-1024x575.jpg\" alt=\"\" class=\"wp-image-379\" srcset=\"https:\/\/acertsa.com\/wp-content\/uploads\/2023\/04\/juguetes-2-1024x575.jpg 1024w, https:\/\/acertsa.com\/wp-content\/uploads\/2023\/04\/juguetes-2-300x169.jpg 300w, https:\/\/acertsa.com\/wp-content\/uploads\/2023\/04\/juguetes-2-768x431.jpg 768w, https:\/\/acertsa.com\/wp-content\/uploads\/2023\/04\/juguetes-2.jpg 1280w\" sizes=\"(max-width: 1024px) 100vw, 1024px\" \/><\/figure>\n\n\n\n<figure class=\"wp-block-image alignfull size-large\"><img loading=\"lazy\" decoding=\"async\" width=\"1024\" height=\"575\" src=\"https:\/\/acertsa.com\/wp-content\/uploads\/2023\/04\/juguetes-3-1024x575.jpg\" alt=\"\" class=\"wp-image-378\" srcset=\"https:\/\/acertsa.com\/wp-content\/uploads\/2023\/04\/juguetes-3-1024x575.jpg 1024w, https:\/\/acertsa.com\/wp-content\/uploads\/2023\/04\/juguetes-3-300x169.jpg 300w, https:\/\/acertsa.com\/wp-content\/uploads\/2023\/04\/juguetes-3-768x431.jpg 768w, https:\/\/acertsa.com\/wp-content\/uploads\/2023\/04\/juguetes-3.jpg 1280w\" sizes=\"(max-width: 1024px) 100vw, 1024px\" \/><\/figure>\n\n\n\n<figure class=\"wp-block-image size-large\"><img decoding=\"async\" src=\"https:\/\/acertsa.com\/wp-content\/uploads\/2023\/04\/juguetes-4-703x1024.jpg\" alt=\"\" class=\"wp-image-377\"\/><\/figure>\n\n\n\n<figure class=\"wp-block-image alignfull size-large\"><img decoding=\"async\" src=\"https:\/\/acertsa.com\/wp-content\/uploads\/2023\/04\/juguetes-6-1024x768.jpg\" alt=\"\" class=\"wp-image-375\"\/><\/figure>\n<\/figure>\n<\/div>\n<\/div>\n<\/div><\/div>\n<\/div>\n<\/div>\n","protected":false},"excerpt":{"rendered":"<p>La seguridad de los juguetes es esencial para garantizar la salud y el bienestar de los ni\u00f1os que los utilizan. Por esta raz\u00f3n, existen normas y regulaciones en todo el mundo para garantizar que los juguetes cumplen con ciertos est\u00e1ndares de seguridad. En Europa, la norma EN-71-1 especifica los requisitos generales de seguridad para juguetes,&#8230;<\/p>\n<p class=\"more-link-wrap\"><a href=\"https:\/\/acertsa.com\/index.php\/certificacion-de-juguetes\/\" class=\"more-link\">Read More<span class=\"screen-reader-text\"> &ldquo;Certificaci\u00f3n de juguetes&rdquo;<\/span> &raquo;<\/a><\/p>\n","protected":false},"author":1,"featured_media":0,"parent":0,"menu_order":0,"comment_status":"closed","ping_status":"closed","template":"","meta":{"two_page_speed":[],"footnotes":""},"class_list":["post-161","page","type-page","status-publish","hentry"],"_links":{"self":[{"href":"https:\/\/acertsa.com\/index.php\/wp-json\/wp\/v2\/pages\/161"}],"collection":[{"href":"https:\/\/acertsa.com\/index.php\/wp-json\/wp\/v2\/pages"}],"about":[{"href":"https:\/\/acertsa.com\/index.php\/wp-json\/wp\/v2\/types\/page"}],"author":[{"embeddable":true,"href":"https:\/\/acertsa.com\/index.php\/wp-json\/wp\/v2\/users\/1"}],"replies":[{"embeddable":true,"href":"https:\/\/acertsa.com\/index.php\/wp-json\/wp\/v2\/comments?post=161"}],"version-history":[{"count":2,"href":"https:\/\/acertsa.com\/index.php\/wp-json\/wp\/v2\/pages\/161\/revisions"}],"predecessor-version":[{"id":733,"href":"https:\/\/acertsa.com\/index.php\/wp-json\/wp\/v2\/pages\/161\/revisions\/733"}],"wp:attachment":[{"href":"https:\/\/acertsa.com\/index.php\/wp-json\/wp\/v2\/media?parent=161"}],"curies":[{"name":"wp","href":"https:\/\/api.w.org\/{rel}","templated":true}]}}